{"id":323,"date":"2019-02-27T15:50:36","date_gmt":"2019-02-27T14:50:36","guid":{"rendered":"https:\/\/amazepack.dwa-kolory.pl\/?page_id=323"},"modified":"2024-07-30T12:11:51","modified_gmt":"2024-07-30T10:11:51","slug":"polityka-prywatnosci","status":"publish","type":"page","link":"https:\/\/corebox.amazepack.pl\/de\/datenschutzbestimmungen\/","title":{"rendered":"Datenschutzbestimmungen"},"content":{"rendered":"<div data-elementor-type=\"wp-page\" data-elementor-id=\"323\" class=\"elementor elementor-323\" data-elementor-post-type=\"page\">\n\t\t\t\t\t\t\t\t\t<section class=\"elementor-section elementor-top-section elementor-element elementor-element-27e3b59 elementor-section-boxed elementor-section-height-default elementor-section-height-default\" data-id=\"27e3b59\" data-element_type=\"section\" data-settings=\"{&quot;jet_parallax_layout_list&quot;:[]}\">\n\t\t\t\t\t\t<div class=\"elementor-container elementor-column-gap-default\">\n\t\t\t\t\t<div class=\"elementor-column elementor-col-100 elementor-top-column elementor-element elementor-element-14b83c1\" data-id=\"14b83c1\" data-element_type=\"column\">\n\t\t\t<div class=\"elementor-widget-wrap elementor-element-populated\">\n\t\t\t\t\t\t\t\t<div class=\"elementor-element elementor-element-6270e23 elementor-widget elementor-widget-heading\" data-id=\"6270e23\" data-element_type=\"widget\" data-widget_type=\"heading.default\">\n\t\t\t\t<div class=\"elementor-widget-container\">\n\t\t\t<h1 class=\"elementor-heading-title elementor-size-default\">Datenschutzbestimmungen<\/h1>\t\t<\/div>\n\t\t\t\t<\/div>\n\t\t\t\t<div class=\"elementor-element elementor-element-0b6713a elementor-widget elementor-widget-text-editor\" data-id=\"0b6713a\" data-element_type=\"widget\" data-no-translation=\"\" data-widget_type=\"text-editor.default\">\n\t\t\t\t<div class=\"elementor-widget-container\">\n\t\t\t<style>.elementor-element-0b6713a{display:none !important}<\/style>\t\t<\/div>\n\t\t\t\t<\/div>\n\t\t\t\t<div class=\"elementor-element elementor-element-2156211 elementor-widget elementor-widget-text-editor\" data-id=\"2156211\" data-element_type=\"widget\" data-no-translation=\"\" data-widget_type=\"text-editor.default\">\n\t\t\t\t<div class=\"elementor-widget-container\">\n\t\t\t\t\t\t\t<p class=\"p1\"><b>Definitionen<\/b><\/p><ul class=\"ul1\"><li class=\"li2\">Administrator &#8211; Amazepack, Kochanowskiego 5, 66-530 Drezdenko.<\/li><li class=\"li2\">Personenbezogene Daten &#8211; alle Informationen \u00fcber eine Privatperson, die durch einen oder mehrere Faktoren identifiziert oder identifizierbar sind, die f\u00fcr die physische, physiologische, genetische, psychische, wirtschaftliche, kulturelle oder soziale Identit\u00e4t spezifisch sind, einschlie\u00dflich Ger\u00e4te-IP, Standortdaten, Internet-Kennungen und Informationen, die durch Cookies und andere \u00e4hnliche Technologien gesammelt werden.<\/li><li class=\"li2\">Richtlinie &#8211; diese Datenschutzbestimmungen.<\/li><li class=\"li2\"><span class=\"s3\">DSGVO<\/span> &#8211; Verordnung (EU) 2016\/679 des Europ\u00e4ischen Parlaments und des Rates vom 27. April 2016 zum Schutz nat\u00fcrlicher Personen bei der Verarbeitung personenbezogener Daten, zum freien Datenverkehr und zur Aufhebung der Richtlinie 95\/46\/EG.<\/li><li class=\"li2\">Service &#8211; die vom Administrator betriebene Website https:\/\/amazepack.pl.<\/li><li class=\"li3\">Nutzer &#8211; jede nat\u00fcrliche Person, die die Website besucht.<\/li><\/ul><p class=\"p1\"><b>Datenverarbeitung<\/b><\/p><p class=\"p4\">Im Zusammenhang mit der Nutzung der Website durch den Nutzer sammelt der Administrator Daten in dem Umfang, der f\u00fcr das Funktionieren der Website erforderlich ist, sowie Informationen \u00fcber die Aktivit\u00e4ten des Nutzers auf der Website.<\/p><p class=\"p1\"><b>Warum wir Daten verarbeiten<\/b><\/p><p class=\"p4\">Die personenbezogenen Daten aller Personen, die die Website nutzen (einschlie\u00dflich der IP-Adresse oder anderer Identifikatoren und Informationen, die durch Cookies oder andere \u00e4hnliche Technologien gesammelt werden), werden vom Administrator verarbeitet. Die Daten werden zum Zweck der Erbringung elektronischer Dienstleistungen verarbeitet, um den Nutzern die auf der Website gesammelten Inhalte zur Verf\u00fcgung zu stellen und Kontaktformulare bereitzustellen <i>(die Rechtsgrundlage f\u00fcr die Verarbeitung ist die Notwendigkeit der Verarbeitung f\u00fcr die Erf\u00fcllung des Vertrags &#8211; Artikel 6 Absatz 1 Buchstabe b) DSGVO). <\/i>Die Datenverarbeitung erfolgt zu analytischen und statistischen Zwecken <i>(die Rechtsgrundlage f\u00fcr die Verarbeitung ist das berechtigte Interesse des Verwalters an der Durchf\u00fchrung von Analysen der Aktivit\u00e4ten der Nutzer sowie ihrer Pr\u00e4ferenzen, um die angewandten Funktionalit\u00e4ten und angebotenen Dienste zu verbessern &#8211; Artikel 6 Absatz 1 Buchstabe f) DSGVO). Die <\/i>Daten werden zum Zweck der eventuellen Feststellung und Geltendmachung von Anspr\u00fcchen oder deren Abwehr verarbeitet <i>(die Rechtsgrundlage f\u00fcr die Verarbeitung ist das berechtigte Interesse des Verwalters an der Wahrung seiner Rechte &#8211; Artikel 6 Absatz 1 Buchstabe f) DSGVO). Die <\/i>Daten werden verarbeitet, wenn die Korrespondenz per E-Mail oder per Post an den Verwalter gerichtet ist und nicht mit den f\u00fcr den Absender erbrachten Dienstleistungen oder einem anderen mit dem Absender geschlossenen Vertrag zusammenh\u00e4ngt <i>(die Rechtsgrundlage f\u00fcr die Verarbeitung ist das berechtigte Interesse des Verwalters, Artikel 6 Absatz 1 Buchstabe f) DSGVO, das in der an den Verwalter gerichteten Korrespondenz im Zusammenhang mit seiner Gesch\u00e4ftst\u00e4tigkeit besteht).<\/i> Die Daten werden f\u00fcr die Marketingzwecke des Verwalters verarbeitet. Der Verwalter verarbeitet die personenbezogenen Daten der Nutzer f\u00fcr die Durchf\u00fchrung von Marketingaktivit\u00e4ten, die darin bestehen k\u00f6nnen:<\/p><ul class=\"ul1\"><li class=\"li2\">Bereitstellung von Marketing-Inhalten f\u00fcr den Nutzer, die nicht auf die Pr\u00e4ferenzen des Nutzers zugeschnitten sind. Der Administrator verarbeitet die personenbezogenen Daten der Nutzer zu Marketingzwecken im Zusammenhang mit der Ausrichtung von kontextbezogener Werbung an die Nutzer (d. h. Werbung, die nicht auf die Pr\u00e4ferenzen des Nutzers zugeschnitten ist) &#8211; die <i>Verarbeitung der personenbezogenen Daten erfolgt dann im Zusammenhang mit dem berechtigten Interesse des Administrators (Artikel 6 Absatz 1 Buchstabe f) DSGVO).<\/i><\/li><li class=\"li2\">Bereitstellung von Marketing-Inhalten, die den Interessen des Nutzers entsprechen, verarbeitet der Administrator die personenbezogenen Daten der Nutzer, einschlie\u00dflich der durch Cookies und andere \u00e4hnliche Technologien erhobenen personenbezogenen Daten, f\u00fcr Marketingzwecke im Zusammenhang mit der Ausrichtung verhaltensbezogener Werbung (d. h. Werbung, die auf die Pr\u00e4ferenzen des Nutzers zugeschnitten ist) auf die Nutzer. Die Verarbeitung personenbezogener Daten umfasst dann auch die Erstellung von Profilen der Nutzer. Die Verwendung der mit dieser Technologie erhobenen personenbezogenen Daten zu Marketingzwecken beruht auf dem berechtigten Interesse des f\u00fcr die Verarbeitung Verantwortlichen und nur unter der Voraussetzung, dass der Nutzer in die Verwendung von Cookies eingewilligt hat. Die Zustimmung zur Verwendung von Cookies kann \u00fcber die entsprechende Konfiguration des Browsers erteilt und auch jederzeit widerrufen werden, insbesondere durch L\u00f6schen des Cookie-Verlaufs und Deaktivieren von Cookies in den Browsereinstellungen. Diese Zustimmung kann jederzeit widerrufen werden. Lesen Sie mehr \u00fcber die <a href=\"https:\/\/amazepack.pl\/polityka-cookie\/\" target=\"_blank\" rel=\"noopener\"><span class=\"s4\">Cookie-Richtlinie<\/span><\/a>.<\/li><li class=\"li3\">Versendung von E-Mail-Benachrichtigungen \u00fcber interessante Angebote oder Inhalte, die in einigen F\u00e4llen kommerzielle Informationen enthalten, Durchf\u00fchrung anderer Aktivit\u00e4ten im Zusammenhang mit der Direktvermarktung von Waren und Dienstleistungen (Versendung kommerzieller Informationen per E-Mail und Telemarketing-Aktivit\u00e4ten).<\/li><\/ul><p class=\"p1\"><b>Kontaktformulare<\/b><\/p><p class=\"p4\">Der Administrator bietet die M\u00f6glichkeit, mit ihm \u00fcber elektronische Kontaktformulare in Verbindung zu treten. Bei der Verwendung des Formulars muss der Nutzer pers\u00f6nliche Daten angeben, die f\u00fcr die Kontaktaufnahme und die Beantwortung der Anfrage erforderlich sind. Der Nutzer kann auch andere Daten zur Verf\u00fcgung stellen, um die Kontaktaufnahme oder die Bearbeitung der Anfrage zu erleichtern. Die Angabe von Daten, die als obligatorisch gekennzeichnet sind, ist f\u00fcr die Entgegennahme und Bearbeitung der Anfrage erforderlich, und die Nichtbereitstellung dieser Daten f\u00fchrt dazu, dass die Dienstleistung nicht erbracht werden kann. Die Angabe der anderen Daten ist freiwillig. Die personenbezogenen Daten werden verarbeitet:<\/p><ul class=\"ul1\"><li class=\"li2\">zur Identifizierung des Absenders und zur Bearbeitung seiner \u00fcber das Formular \u00fcbermittelten Anfrage <i>(die Rechtsgrundlage f\u00fcr die Verarbeitung ist die Notwendigkeit der Verarbeitung f\u00fcr die Erf\u00fcllung des Dienstleistungsvertrags &#8211; Artikel 6 Absatz 1 Buchstabe b) DSGVO);<\/i><\/li><li class=\"li3\">zu analytischen und statistischen Zwecken <i>(die Rechtsgrundlage f\u00fcr die Verarbeitung ist das berechtigte Interesse des Verwalters, Statistiken \u00fcber die von den Nutzern \u00fcber die Website gestellten Anfragen zu f\u00fchren, um die Funktionalit\u00e4t der Website zu verbessern &#8211; Artikel 6 Absatz 1 Buchstabe f) DSGVO).<\/i><\/li><\/ul><p class=\"p1\"><b>Soziale Netzwerke<\/b><\/p><p class=\"p4\">Der Administrator verarbeitet personenbezogene Daten jener Nutzer, die Profile des Administrators in den sozialen Medien (Facebook, YouTube, Instagram, LinkedIn, Twitter, Google+, Pinterest) besuchen. Diese Daten werden ausschlie\u00dflich im Zusammenhang mit der Pflege des Profils verarbeitet, unter anderem um die Nutzer \u00fcber die Aktivit\u00e4ten des Administrators zu informieren und verschiedene Veranstaltungen, Dienstleistungen und Produkte zu bewerben, sowie um mit den Nutzern \u00fcber die in den sozialen Medien verf\u00fcgbaren Funktionen zu kommunizieren <i>(die Rechtsgrundlage f\u00fcr die Verarbeitung personenbezogener Daten durch den Administrator zu diesem Zweck ist sein berechtigtes Interesse gem\u00e4\u00df Artikel 6 Absatz 1 Buchstabe f der DSGVO, das darin besteht, seine eigene Marke zu f\u00f6rdern und eine markenbezogene Community aufzubauen und zu pflegen).<\/i><\/p><p class=\"p1\"><b>Benutzerrechte<\/b><\/p><p class=\"p4\">Die betroffenen Personen haben die folgenden Rechte:<\/p><ul class=\"ul1\"><li class=\"li2\">Recht auf Information \u00fcber die Verarbeitung personenbezogener Daten &#8211; auf dieser Grundlage erh\u00e4lt die Person, die einen solchen Antrag stellt, vom Administrator Informationen \u00fcber die Verarbeitung personenbezogener Daten, insbesondere \u00fcber den Zweck und die Rechtsgrundlage der Verarbeitung, den Umfang der gespeicherten Daten, die Stellen, an die die personenbezogenen Daten weitergegeben werden, und den geplanten Zeitpunkt ihrer L\u00f6schung;<\/li><li class=\"li2\">Recht auf Erhalt einer Kopie der Daten &#8211; auf dieser Grundlage stellt der f\u00fcr die Verarbeitung Verantwortliche eine Kopie der verarbeiteten Daten der antragstellenden Person zur Verf\u00fcgung;<\/li><li class=\"li2\">Recht auf Berichtigung &#8211; auf dieser Grundlage beseitigt der f\u00fcr die Verarbeitung Verantwortliche alle Unstimmigkeiten oder Fehler in Bezug auf die verarbeiteten personenbezogenen Daten und vervollst\u00e4ndigt oder aktualisiert sie, wenn sie unvollst\u00e4ndig sind oder sich ge\u00e4ndert haben;<\/li><li class=\"li2\">Recht auf Datenl\u00f6schung &#8211; auf dieser Grundlage k\u00f6nnen Sie die L\u00f6schung von Daten verlangen, deren Verarbeitung f\u00fcr einen der Zwecke, f\u00fcr die sie erhoben wurden, nicht mehr erforderlich ist;<\/li><li class=\"li2\">Recht auf Einschr\u00e4nkung der Verarbeitung &#8211; auf dieser Grundlage stellt der f\u00fcr die Verarbeitung Verantwortliche die Verarbeitung personenbezogener Daten ein, mit Ausnahme von Vorg\u00e4ngen, denen die betroffene Person zugestimmt hat, und deren Speicherung gem\u00e4\u00df den festgelegten Aufbewahrungsvorschriften, oder bis die Gr\u00fcnde f\u00fcr die Einschr\u00e4nkung der Verarbeitung nicht mehr bestehen (z. B. eine Entscheidung einer Aufsichtsbeh\u00f6rde, die die weitere Verarbeitung erlaubt);<\/li><li class=\"li2\">Recht auf Daten\u00fcbertragbarkeit &#8211; auf dieser Grundlage gibt der f\u00fcr die Verarbeitung Verantwortliche, sofern die Daten im Zusammenhang mit einem abgeschlossenen Vertrag oder einer erteilten Einwilligung verarbeitet werden, die von der betroffenen Person bereitgestellten Daten in einem computerlesbaren Format heraus. Es besteht auch die M\u00f6glichkeit, die \u00dcbermittlung der Daten an eine andere Stelle zu verlangen &#8211; vorausgesetzt, dass sowohl der f\u00fcr die Verarbeitung Verantwortliche als auch die andere Stelle technisch dazu in der Lage sind;<\/li><li class=\"li2\">Recht auf Widerspruch gegen die Verarbeitung zu Marketingzwecken &#8211; Die betroffene Person kann jederzeit gegen die Verarbeitung personenbezogener Daten zu Marketingzwecken Widerspruch einlegen, ohne diesen Widerspruch begr\u00fcnden zu m\u00fcssen;<\/li><li class=\"li2\">Recht auf Widerspruch gegen andere Verarbeitungszwecke &#8211; Die betroffene Person kann jederzeit gegen die Verarbeitung personenbezogener Daten auf der Grundlage eines berechtigten Interesses des f\u00fcr die Verarbeitung Verantwortlichen (z. B. f\u00fcr analytische oder statistische Zwecke oder aus Gr\u00fcnden des Eigentumsschutzes) Widerspruch einlegen. Ein diesbez\u00fcglicher Widerspruch muss eine Begr\u00fcndung enthalten und unterliegt der Pr\u00fcfung durch den f\u00fcr die Verarbeitung Verantwortlichen;<\/li><li class=\"li2\">Recht auf Widerruf der Einwilligung &#8211; Werden Daten auf der Grundlage einer Einwilligung verarbeitet, so hat die betroffene Person das Recht, diese jederzeit zu widerrufen, was jedoch die Rechtm\u00e4\u00dfigkeit der vor dem Widerruf der Einwilligung erfolgten Verarbeitung nicht ber\u00fchrt;<\/li><li class=\"li3\">Recht auf Beschwerde &#8211; ist die betroffene Person der Ansicht, dass die Verarbeitung personenbezogener Daten gegen die Bestimmungen der DSGVO oder andere Datenschutzvorschriften verst\u00f6\u00dft, kann sie eine Beschwerde beim Pr\u00e4sidenten der Datenschutzbeh\u00f6rde einreichen.<\/li><\/ul><p class=\"p4\">Es kann ein Antrag auf Aus\u00fcbung der Rechte der betroffenen Personen gestellt werden:<\/p><ul class=\"ul1\"><li class=\"li2\">schriftlich an die folgende Adresse: Amazepack, Kochanowskiego 5, 66-530 Drezdenko<\/li><li class=\"li5\"><span class=\"s6\">\u00fcber das <a href=\"https:\/\/amazepack.pl\/kontakt\/\" target=\"_blank\" rel=\"noopener\"><span class=\"s4\">Kontaktformular<\/span><\/a><\/span><\/li><\/ul><p class=\"p4\">Aus dem Ersuchen sollte m\u00f6glichst genau hervorgehen, um was es geht, d. h. insbesondere:<\/p><ul class=\"ul1\"><li class=\"li2\">welches Recht der Antragsteller aus\u00fcben m\u00f6chte (z. B. Recht auf Erhalt einer Kopie der Daten, Recht auf L\u00f6schung usw.);<\/li><li class=\"li2\">auf die sich die Anfrage bezieht (z. B. Nutzung eines bestimmten Dienstes, Aktivit\u00e4t auf einer bestimmten Website, Empfang eines Newsletters mit kommerziellen Informationen an eine bestimmte E-Mail-Adresse usw.);<\/li><li class=\"li3\">die Zwecke der Verarbeitung, auf die sich der Antrag bezieht (z. B. Marketingzwecke, analytische Zwecke usw.).<\/li><\/ul><p class=\"p4\">Ist der Administrator nicht in der Lage, den Inhalt des Antrags zu bestimmen oder den Antragsteller anhand der erfolgten Mitteilung zu identifizieren, fordert er zus\u00e4tzliche Informationen vom Antragsteller an. Die Antr\u00e4ge werden innerhalb eines Monats nach Eingang beantwortet. Sollte eine Verl\u00e4ngerung dieser Frist erforderlich sein, so teilt der Verwalter dem Antragsteller die Gr\u00fcnde f\u00fcr diese Verl\u00e4ngerung mit. Die Antwort erfolgt an die E-Mail-Adresse, von der aus der Antrag \u00fcbermittelt wurde, und bei Antr\u00e4gen, die per Brief \u00fcbermittelt wurden, auf dem Postweg an die vom Antragsteller angegebene Adresse, es sei denn, aus dem Inhalt des Schreibens geht hervor, dass eine R\u00fcckmeldung an die E-Mail-Adresse gew\u00fcnscht wird (in diesem Fall ist die E-Mail-Adresse anzugeben).<\/p><p class=\"p1\"><b>Empf\u00e4nger von personenbezogenen Daten<\/b><\/p><p class=\"p4\">Nur Administratoren.<\/p><p class=\"p1\"><b>Sicherheit der personenbezogenen Daten<\/b><\/p><p class=\"p4\">Der f\u00fcr die Verarbeitung Verantwortliche f\u00fchrt laufend eine Risikoanalyse durch, um zu gew\u00e4hrleisten, dass personenbezogene Daten von dem f\u00fcr die Verarbeitung Verantwortlichen auf sichere Weise verarbeitet werden, wobei er insbesondere sicherstellt, dass nur befugte Personen Zugang zu den Daten haben, und zwar nur in dem f\u00fcr ihre Aufgaben erforderlichen Umfang. Der Administrator stellt sicher, dass alle Vorg\u00e4nge im Zusammenhang mit personenbezogenen Daten aufgezeichnet und nur von befugten Mitarbeitern und Partnern durchgef\u00fchrt werden. Der Administrator ergreift alle erforderlichen Ma\u00dfnahmen, um sicherzustellen, dass auch seine Subunternehmer und andere kooperierende Stellen die Anwendung geeigneter Sicherheitsma\u00dfnahmen gew\u00e4hrleisten, wenn sie personenbezogene Daten im Auftrag des Verwalters verarbeiten.<\/p><p class=\"p1\"><b>Kontaktangaben<\/b><\/p><p class=\"p4\"><span class=\"s4\"><a href=\"https:\/\/amazepack.pl\/kontakt\/\" target=\"_blank\" rel=\"noopener\">Die Kontaktaufnahme<\/a><\/span> mit dem Administrator ist \u00fcber das <a href=\"https:\/\/amazepack.pl\/kontakt\/\" target=\"_blank\" rel=\"noopener\"><span class=\"s4\">Kontaktformular<\/span><\/a> oder die Postanschrift von Amazepack, Kochanowskiego 5, 66-530 Drezdenko m\u00f6glich.<\/p><p class=\"p1\"><b>\u00c4nderung der Datenschutzbestimmungen<\/b><\/p><p class=\"p4\">Diese Bestimmungen werden st\u00e4ndig \u00fcberpr\u00fcft und bei Bedarf aktualisiert.<\/p>\t\t\t\t\t\t<\/div>\n\t\t\t\t<\/div>\n\t\t\t\t<div class=\"elementor-element elementor-element-34babd5 elementor-widget elementor-widget-text-editor\" data-id=\"34babd5\" data-element_type=\"widget\" data-no-translation=\"\" data-widget_type=\"text-editor.default\">\n\t\t\t\t<div class=\"elementor-widget-container\">\n\t\t\t<style>.elementor-element-34babd5{display:none !important}<\/style>\t\t<\/div>\n\t\t\t\t<\/div>\n\t\t\t\t\t<\/div>\n\t\t<\/div>\n\t\t\t\t\t\t\t<\/div>\n\t\t<\/section>\n\t\t\t\t\t\t\t<\/div>","protected":false},"excerpt":{"rendered":"<p>Definitions Administrator &#8211; Amazepack, Kochanowskiego 5, 66-530 Drezdenko. Personal data &#8211; all information about a natural person identified or identifiable by one or more specific factors determining physical, physiological, genetic, mental, economic, cultural or social identity, including device IP, location data, internet identifier and information collected through cookies and other similar technology. Policy &#8211; this &hellip;<\/p>\n<p class=\"read-more\"> <a class=\"\" href=\"https:\/\/corebox.amazepack.pl\/de\/datenschutzbestimmungen\/\"> <span class=\"screen-reader-text\">Datenschutzbestimmungen<\/span> Read More &raquo;<\/a><\/p>","protected":false},"author":1,"featured_media":0,"parent":0,"menu_order":0,"comment_status":"closed","ping_status":"closed","template":"","meta":{"inline_featured_image":false,"site-sidebar-layout":"no-sidebar","site-content-layout":"page-builder","ast-site-content-layout":"","site-content-style":"default","site-sidebar-style":"default","ast-global-header-display":"","ast-banner-title-visibility":"","ast-main-header-display":"","ast-hfb-above-header-display":"","ast-hfb-below-header-display":"","ast-hfb-mobile-header-display":"","site-post-title":"disabled","ast-breadcrumbs-content":"","ast-featured-img":"disabled","footer-sml-layout":"","theme-transparent-header-meta":"default","adv-header-id-meta":"","stick-header-meta":"default","header-above-stick-meta":"","header-main-stick-meta":"","header-below-stick-meta":"","astra-migrate-meta-layouts":"","ast-page-background-enabled":"default","ast-page-background-meta":{"desktop":{"background-color":"","background-image":"","background-repeat":"repeat","background-position":"center center","background-size":"auto","background-attachment":"scroll","background-type":"","background-media":"","overlay-type":"","overlay-color":"","overlay-gradient":""},"tablet":{"background-color":"","background-image":"","background-repeat":"repeat","background-position":"center center","background-size":"auto","background-attachment":"scroll","background-type":"","background-media":"","overlay-type":"","overlay-color":"","overlay-gradient":""},"mobile":{"background-color":"","background-image":"","background-repeat":"repeat","background-position":"center center","background-size":"auto","background-attachment":"scroll","background-type":"","background-media":"","overlay-type":"","overlay-color":"","overlay-gradient":""}},"ast-content-background-meta":{"desktop":{"background-color":"var(--ast-global-color-5)","background-image":"","background-repeat":"repeat","background-position":"center center","background-size":"auto","background-attachment":"scroll","background-type":"","background-media":"","overlay-type":"","overlay-color":"","overlay-gradient":""},"tablet":{"background-color":"var(--ast-global-color-5)","background-image":"","background-repeat":"repeat","background-position":"center center","background-size":"auto","background-attachment":"scroll","background-type":"","background-media":"","overlay-type":"","overlay-color":"","overlay-gradient":""},"mobile":{"background-color":"var(--ast-global-color-5)","background-image":"","background-repeat":"repeat","background-position":"center center","background-size":"auto","background-attachment":"scroll","background-type":"","background-media":"","overlay-type":"","overlay-color":"","overlay-gradient":""}},"footnotes":""},"acf":[],"_links":{"self":[{"href":"https:\/\/corebox.amazepack.pl\/de\/wp-json\/wp\/v2\/pages\/323"}],"collection":[{"href":"https:\/\/corebox.amazepack.pl\/de\/wp-json\/wp\/v2\/pages"}],"about":[{"href":"https:\/\/corebox.amazepack.pl\/de\/wp-json\/wp\/v2\/types\/page"}],"author":[{"embeddable":true,"href":"https:\/\/corebox.amazepack.pl\/de\/wp-json\/wp\/v2\/users\/1"}],"replies":[{"embeddable":true,"href":"https:\/\/corebox.amazepack.pl\/de\/wp-json\/wp\/v2\/comments?post=323"}],"version-history":[{"count":18,"href":"https:\/\/corebox.amazepack.pl\/de\/wp-json\/wp\/v2\/pages\/323\/revisions"}],"predecessor-version":[{"id":2029,"href":"https:\/\/corebox.amazepack.pl\/de\/wp-json\/wp\/v2\/pages\/323\/revisions\/2029"}],"wp:attachment":[{"href":"https:\/\/corebox.amazepack.pl\/de\/wp-json\/wp\/v2\/media?parent=323"}],"curies":[{"name":"wp","href":"https:\/\/api.w.org\/{rel}","templated":true}]}}